{"id":49,"date":"2016-09-18T14:06:20","date_gmt":"2016-09-18T12:06:20","guid":{"rendered":"http:\/\/localhost:8888\/feuerwehrv3wp\/?page_id=49"},"modified":"2019-05-09T10:42:10","modified_gmt":"2019-05-09T08:42:10","slug":"impressum","status":"publish","type":"page","link":"https:\/\/feuerwehr.weyersdorf.at\/?page_id=49","title":{"rendered":"Impressum"},"content":{"rendered":"<p><strong>Offenlegungspflicht nach dem Mediengesetz:<\/strong><\/p>\n<p>Betreiber der Homepage: Freiwillige Feuerwehr Weyersdorf<\/p>\n<p>mit Sitz in: 3121 Weyersdorf, Eglseestra\u00dfe 3<\/p>\n<p>\u201cUnternehmens\u201d-gegenstand\/ Zweck: Wahrnehmung der Aufgaben im Sinn des N\u00d6FG (Nieder\u00f6sterreichisches Feuerwehrgesetz) samt Dienstordnung und Dienstanweisungen des Nieder\u00f6sterreichischen Landesfeuerwehrverbandes<\/p>\n<p>Grundlegende Richtung der Website: Elektronisches Informationsmedium \u00fcber den Aufbau, die Organisation, sowie Geschehnisse (Eins\u00e4tze, \u00dcbungen, etc.) der Freiwilligen Feuerwehr Weyersdorf<\/p>\n<p>Organe: im Sinne des \u00a7 38 N\u00d6FG \u2013 der Kommandant und die Mitgliederversammlung<\/p>\n<\/p>\n<p><strong>Rechtliches :<\/strong><\/p>\n<p>\u00a9 f\u00fcr alle Fotos und Beitr\u00e4ge ( wenn nichts anderes angegeben ) bei FF Weyersdorf. Alle Informationen , die auf diesen Seiten enthalten sind , dienen nur zum pers\u00f6nlichen Gebrauch !<\/p>\n<p>Die Freiwillige Feuerwehr Weyersdorf \u00fcbernimmt weder Gew\u00e4hr f\u00fcr die Richtigkeit der Angaben , noch die Garantie daf\u00fcr , dass alle Inhalte auf feuerwehr.weyersdorf.at vollst\u00e4ndig, richtig und in letzter Aktualit\u00e4t dargestellt werden . Weiters k\u00f6nnen alle Daten vom Webmaster ohne vorherige Ank\u00fcndigung oder Angabe von Gr\u00fcnden erg\u00e4nzt , entfernt oder ge\u00e4ndert werden .<\/p>\n<p>S\u00e4mtliche Fotos und Berichte d\u00fcrfen nicht ohne Genehmigung der Freiwilligen Feuerwehr Weyersdorf ver\u00f6ffentlicht oder weiterverwendet werden . Bei der Weiterverwendung ist auf allen Fotos gut sichtbar der Schriftzug : \u201d Foto : Feuerwehr Weyersdorf \u201d anzubringen und bei Verwendung auf einer Homepage ist ein Link zur Seite feuerwehr.weyersdorf.at anzubringen !<\/p>\n","protected":false},"excerpt":{"rendered":"<p>Offenlegungspflicht nach dem Mediengesetz: Betreiber der Homepage: Freiwillige Feuerwehr Weyersdorf mit Sitz in: 3121 Weyersdorf, Eglseestra\u00dfe 3 \u201cUnternehmens\u201d-gegenstand\/ Zweck: Wahrnehmung der Aufgaben im Sinn des N\u00d6FG (Nieder\u00f6sterreichisches Feuerwehrgesetz) samt Dienstordnung [&hellip;]<\/p>\n","protected":false},"author":3,"featured_media":0,"parent":0,"menu_order":0,"comment_status":"closed","ping_status":"closed","template":"","meta":{"_acf_changed":false,"footnotes":""},"class_list":["post-49","page","type-page","status-publish","hentry"],"acf":[],"_links":{"self":[{"href":"https:\/\/feuerwehr.weyersdorf.at\/index.php?rest_route=\/wp\/v2\/pages\/49","targetHints":{"allow":["GET"]}}],"collection":[{"href":"https:\/\/feuerwehr.weyersdorf.at\/index.php?rest_route=\/wp\/v2\/pages"}],"about":[{"href":"https:\/\/feuerwehr.weyersdorf.at\/index.php?rest_route=\/wp\/v2\/types\/page"}],"author":[{"embeddable":true,"href":"https:\/\/feuerwehr.weyersdorf.at\/index.php?rest_route=\/wp\/v2\/users\/3"}],"replies":[{"embeddable":true,"href":"https:\/\/feuerwehr.weyersdorf.at\/index.php?rest_route=%2Fwp%2Fv2%2Fcomments&post=49"}],"version-history":[{"count":5,"href":"https:\/\/feuerwehr.weyersdorf.at\/index.php?rest_route=\/wp\/v2\/pages\/49\/revisions"}],"predecessor-version":[{"id":488,"href":"https:\/\/feuerwehr.weyersdorf.at\/index.php?rest_route=\/wp\/v2\/pages\/49\/revisions\/488"}],"wp:attachment":[{"href":"https:\/\/feuerwehr.weyersdorf.at\/index.php?rest_route=%2Fwp%2Fv2%2Fmedia&parent=49"}],"curies":[{"name":"wp","href":"https:\/\/api.w.org\/{rel}","templated":true}]}}